{"id":488,"date":"2021-04-06T11:44:18","date_gmt":"2021-04-06T09:44:18","guid":{"rendered":"http:\/\/www.opat.sk\/de\/?page_id=488"},"modified":"2023-12-31T16:06:38","modified_gmt":"2023-12-31T15:06:38","slug":"webcam","status":"publish","type":"page","link":"https:\/\/www.opat.sk\/de\/webcam\/","title":{"rendered":"Webcam"},"content":{"rendered":"<p>Und so sieht es jetzt in unserem Garten aus. Die Webcam zeigt Ihnen jede Minute ein neues Foto. Hier haben Sie die M\u00f6glichkeit t\u00e4glich in Echtzeit den Sonnenuntergang \u00fcber Ve\u013ek\u00e1 Fatra zu beobachten. Bei klarem Himmel sind nachts nicht nur die Sterne, sondern auch die Milchstra\u00dfe zu sehen. Ausgew\u00e4hlte Zeitraffer videos finden Sie unten.<\/p>\n<p><img decoding=\"async\" id=\"webcam-rpi02w1\" src=\"http:\/\/www.opat.sk\/webcam\/webcam-rpi02w1.jpg?1777436407\" alt=\"Webcam 1\" width=\"100%\" height=\"100%\" onload=\"updateImage('webcam-rpi02w1');\" \/><small>Webcam: Raspberry Pi Zero 2W + Camera Module 3 Wide IMX708 120\u00b0<\/small><br \/>\n<a href=\"https:\/\/www.imeteo.sk\" target=\"_blank\" rel=\"noopener\"><img decoding=\"async\" class=\"aligncenter\" title=\"\" src=\"https:\/\/www.imeteo.sk\/images\/forecast_widget\/row\/48-4.png\" alt=\"iMeteo.sk\" \/><\/a><br \/>\n<!-- <img decoding=\"async\" id=\"webcam-rpi0w2\" src=\"http:\/\/www.opat.sk\/webcam\/webcam-rpi0w2.jpg?[TimestampCurent]\" alt=\"Webcam 2\" width=\"100%\" height=\"100%\" onload=\"updateImage('webcam-rpi0w2');\" \/><small>Webcam: Raspberry Pi Zero W + Arducam 16Mpx Sony IMX519<\/small> --><\/p>\n<h3>Timelapse video<\/h3>\n<p><iframe loading=\"lazy\" title=\"One &amp; half turn - winter solstice\" width=\"750\" height=\"422\" src=\"https:\/\/www.youtube.com\/embed\/TmFItmVWxYo?feature=oembed\" frameborder=\"0\" allow=\"accelerometer; autoplay; clipboard-write; encrypted-media; gyroscope; picture-in-picture; web-share\" allowfullscreen><\/iframe><br \/>\n<iframe loading=\"lazy\" title=\"Obla\u010dno a\u017e slne\u010dno, miestami hviezdy.\" width=\"750\" height=\"422\" src=\"https:\/\/www.youtube.com\/embed\/BhngOCEmmJ0?feature=oembed\" frameborder=\"0\" allow=\"accelerometer; autoplay; clipboard-write; encrypted-media; gyroscope; picture-in-picture; web-share\" allowfullscreen><\/iframe><br \/>\n<iframe loading=\"lazy\" title=\"My best January 2022 timelapse videos @ Strelniky Slovakia\" width=\"750\" height=\"422\" src=\"https:\/\/www.youtube.com\/embed\/lfyCfCFgcPg?feature=oembed\" frameborder=\"0\" allow=\"accelerometer; autoplay; clipboard-write; encrypted-media; gyroscope; picture-in-picture; web-share\" allowfullscreen><\/iframe><br \/>\n<iframe loading=\"lazy\" title=\"February 2022 timelapse @ Strelniky\" width=\"750\" height=\"422\" src=\"https:\/\/www.youtube.com\/embed\/f9gFBFxBxYY?feature=oembed\" frameborder=\"0\" allow=\"accelerometer; autoplay; clipboard-write; encrypted-media; gyroscope; picture-in-picture; web-share\" allowfullscreen><\/iframe><br \/>\n<iframe loading=\"lazy\" title=\"Raspberry Pi Zero W Timelapse March 2022 @ Slovakia\" width=\"750\" height=\"422\" src=\"https:\/\/www.youtube.com\/embed\/YV-cHibusMU?feature=oembed\" frameborder=\"0\" allow=\"accelerometer; autoplay; clipboard-write; encrypted-media; gyroscope; picture-in-picture; web-share\" allowfullscreen><\/iframe><\/p>\n","protected":false},"excerpt":{"rendered":"<p>Und so sieht es jetzt in unserem Garten aus. Die Webcam zeigt Ihnen jede Minute ein neues Foto. Hier haben Sie die M\u00f6glichkeit t\u00e4glich in Echtzeit den Sonnenuntergang \u00fcber Ve\u013ek\u00e1 <a class=\"more-link\" href=\"https:\/\/www.opat.sk\/de\/webcam\/\">Mehr &#8230;<\/a><\/p>\n","protected":false},"author":1,"featured_media":0,"parent":0,"menu_order":0,"comment_status":"closed","ping_status":"closed","template":"","meta":{"footnotes":""},"class_list":["post-488","page","type-page","status-publish","hentry"],"_links":{"self":[{"href":"https:\/\/www.opat.sk\/de\/wp-json\/wp\/v2\/pages\/488","targetHints":{"allow":["GET"]}}],"collection":[{"href":"https:\/\/www.opat.sk\/de\/wp-json\/wp\/v2\/pages"}],"about":[{"href":"https:\/\/www.opat.sk\/de\/wp-json\/wp\/v2\/types\/page"}],"author":[{"embeddable":true,"href":"https:\/\/www.opat.sk\/de\/wp-json\/wp\/v2\/users\/1"}],"replies":[{"embeddable":true,"href":"https:\/\/www.opat.sk\/de\/wp-json\/wp\/v2\/comments?post=488"}],"version-history":[{"count":10,"href":"https:\/\/www.opat.sk\/de\/wp-json\/wp\/v2\/pages\/488\/revisions"}],"predecessor-version":[{"id":614,"href":"https:\/\/www.opat.sk\/de\/wp-json\/wp\/v2\/pages\/488\/revisions\/614"}],"wp:attachment":[{"href":"https:\/\/www.opat.sk\/de\/wp-json\/wp\/v2\/media?parent=488"}],"curies":[{"name":"wp","href":"https:\/\/api.w.org\/{rel}","templated":true}]}}